{"id":54,"date":"2024-08-28T16:12:18","date_gmt":"2024-08-28T16:12:18","guid":{"rendered":"http:\/\/motoquest.lumagrade.com\/?page_id=54"},"modified":"2024-08-28T16:13:48","modified_gmt":"2024-08-28T16:13:48","slug":"reto-3","status":"publish","type":"page","link":"http:\/\/asfaltonaut.com\/index.php\/reto-3\/","title":{"rendered":"Reto 3"},"content":{"rendered":"\n<p>Este encantador santuario, situado en un pintoresco pueblo, destaca por su estilo sencillo y r\u00fastico. Rodeado de monta\u00f1as y una exuberante vegetaci\u00f3n, se encuentra en un entorno natural privilegiado que ofrece una atm\u00f3sfera de serenidad y belleza inigualable.<\/p>\n\n\n\n<p>Dedicado a San Francisco de As\u00eds, conocido como el patr\u00f3n de los animales y la ecolog\u00eda, este lugar sagrado ha sido un importante punto de devoci\u00f3n para los habitantes locales durante generaciones. La historia y la tradici\u00f3n se entrelazan en este rinc\u00f3n, que invita tanto al recogimiento espiritual como a la contemplaci\u00f3n de la naturaleza.<\/p>\n\n\n\n<p>Para llegar al santuario, los visitantes recorren un camino que serpentea entre parajes de gran valor paisaj\u00edstico, ofreciendo vistas panor\u00e1micas espectaculares que hacen de la visita una experiencia enriquecedora en todos los sentidos. Cada a\u00f1o, la festividad en honor al santo re\u00fane a los vecinos en una romer\u00eda que refuerza los lazos comunitarios y mantiene viva una tradici\u00f3n ancestral.<\/p>\n\n\n\n            <div class=\"daextrebl-restricted-block-container\">\n\t\t\t\t\t\t\t\t                    <div class=\"daextrebl-restricted-block-title\">Reto bloqueado<\/div>\n\t\t\t\t\t\t\t\t                    <div class=\"daextrebl-restricted-block-description\">Introduce el nombre del rio que acabas de cruzar hace unos minutos.<\/div>\n\t\t\t\t\t\t\t\t\n            <div class=\"daextrebl-form daextrebl-password-form\"\n                 data-restriction-id=\"4\">\n                <div class=\"daextrebl-form-row daextrebl-form-row-password\">\n                    <div class=\"daextrebl-password-label\">Contrase\u00f1a<\/div>\n                    <input type=\"password\" class=\"daextrebl-password\">\n                                        <div class=\"daextrebl-password-toggle\">\n                        <div class=\"daextrebl-eye-visible-svg\">\n<svg>\n<path class=\"daextrebl-svg-color\" d=\"M8,11c-1.7,0-3-1.3-3-3s1.3-3,3-3s3,1.3,3,3S9.7,11,8,11z M8,6C6.9,6,6,6.9,6,8c0,1.1,0.9,2,2,2\n\tc1.1,0,2-0.9,2-2C10,6.9,9.1,6,8,6z\" \/>\n<path class=\"daextrebl-svg-color\" d=\"M8,13c-3.2,0-6.1-1.9-7.3-4.8L0.6,8l0.1-0.2C1.9,4.9,4.8,3,8,3s6.1,1.9,7.3,4.8L15.4,8l-0.1,0.2\n\tC14.1,11.1,11.2,13,8,13z M1.7,8c1.2,2.4,3.6,4,6.3,4c2.7,0,5.2-1.6,6.3-4C13.2,5.6,10.7,4,8,4S2.8,5.6,1.7,8z\" \/>\n<\/svg><\/div>\n                        <div class=\"daextrebl-eye-invisible-svg daextrebl-display-none\">\n<svg>\n<path class=\"daextrebl-svg-color\" d=\"M6,7.9c0.1-1,0.9-1.8,1.9-1.9l0.9-0.9C8.5,5,8.3,5,8,5C6.3,5,5,6.3,5,8c0,0.3,0,0.5,0.1,0.8L6,7.9z\" \/>\n<path class=\"daextrebl-svg-color\" d=\"M10,8.1c-0.1,1-0.9,1.8-1.9,1.9l-0.9,0.9C7.5,11,7.7,11,8,11c1.7,0,3-1.3,3-3c0-0.3,0-0.5-0.1-0.8L10,8.1z\" \/>\n<path class=\"daextrebl-svg-color\" d=\"M2.8,11.1l0.7-0.7C2.8,9.7,2.1,8.9,1.7,8C2.8,5.6,5.3,4,8,4c0.6,0,1.1,0.1,1.7,0.2l0.8-0.8C9.7,3.1,8.9,3,8,3\n\tC4.8,3,1.9,4.9,0.7,7.8L0.6,8l0.1,0.2C1.2,9.3,1.9,10.3,2.8,11.1z\" \/>\n<path class=\"daextrebl-svg-color\" d=\"M13.2,4.9l-0.7,0.7c0.8,0.6,1.4,1.4,1.8,2.4c-1.2,2.4-3.6,4-6.3,4c-0.6,0-1.1-0.1-1.7-0.2l-0.8,0.8\n\tC6.3,12.9,7.1,13,8,13c3.2,0,6.1-1.9,7.3-4.8L15.4,8l-0.1-0.2C14.8,6.7,14.1,5.7,13.2,4.9z\" \/>\n<rect x=\"-2.6\" y=\"7.5\" transform=\"matrix(0.7071 -0.7071 0.7071 0.7071 -3.3137 8)\" class=\"daextrebl-svg-color\" width=\"21.2\" height=\"1\" \/>\n<\/svg><\/div>\n                    <\/div>\n                <\/div>\n                <div class=\"daextrebl-form-row\">\n                    <button class=\"daextrebl-password-form-submit\">Enviar<\/button>\n                <\/div>\n                <div class=\"daextrebl-form-row\">\n                    <div class=\"daextrebl-password-invalid\">Por favor, introduce un valor v\u00e1lido.<\/div>\n                <\/div>\n            <\/div>\n\n\t\t\t            <\/div>\n\n\t\t\t","protected":false},"excerpt":{"rendered":"<p>Este encantador santuario, situado en un pintoresco pueblo, destaca por su estilo sencillo y r\u00fastico. Rodeado de monta\u00f1as y una exuberante vegetaci\u00f3n, se encuentra en un entorno natural privilegiado que ofrece una atm\u00f3sfera de serenidad y belleza inigualable. Dedicado a San Francisco de As\u00eds, conocido como el patr\u00f3n de los animales y la ecolog\u00eda, este [&hellip;]<\/p>\n","protected":false},"author":1,"featured_media":0,"parent":0,"menu_order":0,"comment_status":"closed","ping_status":"closed","template":"","meta":{"footnotes":""},"class_list":["post-54","page","type-page","status-publish","hentry"],"_links":{"self":[{"href":"http:\/\/asfaltonaut.com\/index.php\/wp-json\/wp\/v2\/pages\/54","targetHints":{"allow":["GET"]}}],"collection":[{"href":"http:\/\/asfaltonaut.com\/index.php\/wp-json\/wp\/v2\/pages"}],"about":[{"href":"http:\/\/asfaltonaut.com\/index.php\/wp-json\/wp\/v2\/types\/page"}],"author":[{"embeddable":true,"href":"http:\/\/asfaltonaut.com\/index.php\/wp-json\/wp\/v2\/users\/1"}],"replies":[{"embeddable":true,"href":"http:\/\/asfaltonaut.com\/index.php\/wp-json\/wp\/v2\/comments?post=54"}],"version-history":[{"count":2,"href":"http:\/\/asfaltonaut.com\/index.php\/wp-json\/wp\/v2\/pages\/54\/revisions"}],"predecessor-version":[{"id":57,"href":"http:\/\/asfaltonaut.com\/index.php\/wp-json\/wp\/v2\/pages\/54\/revisions\/57"}],"wp:attachment":[{"href":"http:\/\/asfaltonaut.com\/index.php\/wp-json\/wp\/v2\/media?parent=54"}],"curies":[{"name":"wp","href":"https:\/\/api.w.org\/{rel}","templated":true}]}}