{"id":66,"date":"2024-08-28T19:27:46","date_gmt":"2024-08-28T19:27:46","guid":{"rendered":"http:\/\/motoquest.lumagrade.com\/?page_id=66"},"modified":"2024-08-28T23:24:57","modified_gmt":"2024-08-28T23:24:57","slug":"reto-1","status":"publish","type":"page","link":"http:\/\/asfaltonaut.com\/index.php\/reto-1\/","title":{"rendered":"Reto 1"},"content":{"rendered":"\n<p>Vamos a comenzar con el desaf\u00edo Asfaltonaut y por ello tendr\u00e1s que superar una serie de pruebas que al final de cada prueba te dar\u00e1n acceso al siguiente tramo de ruta. Para ello tendr\u00e1s que seguir la ruta a partir del archivo GPX que podras descargar al final del test. Es obligatorio disponer de una aplicaci\u00f3n o dispositivo que sea capaz de interpretar el archivo GPX para poder seguir las indicaciones del tramo. El archivo GPX guarda los puntos de referencia, al igual que la trazada, as\u00ed que es importante que si tu navegador te da varias opciones, elijas la capa de la trazada, ya que de lo contrario, el gps no te llevara por el camino adecuado.<\/p>\n\n\n\n<h2 class=\"wp-block-heading has-text-align-center\">\u00a1Comienza el reto!<\/h2>\n\n\n<div class = \"hdq_quiz_wrapper\"><a href = \"http:\/\/asfaltonaut.com\/index.php\/reto-1\/\" rel=\"noamphtml\" class = \"hdq_quiz_start hdq_button button\" role = \"button\" title = \"Iniciar prueba\">Iniciar prueba<\/a><\/div>\n","protected":false},"excerpt":{"rendered":"<p>Vamos a comenzar con el desaf\u00edo Asfaltonaut y por ello tendr\u00e1s que superar una serie de pruebas que al final de cada prueba te dar\u00e1n acceso al siguiente tramo de ruta. Para ello tendr\u00e1s que seguir la ruta a partir del archivo GPX que podras descargar al final del test. Es obligatorio disponer de una [&hellip;]<\/p>\n","protected":false},"author":1,"featured_media":0,"parent":0,"menu_order":0,"comment_status":"closed","ping_status":"closed","template":"","meta":{"footnotes":""},"class_list":["post-66","page","type-page","status-publish","hentry"],"_links":{"self":[{"href":"http:\/\/asfaltonaut.com\/index.php\/wp-json\/wp\/v2\/pages\/66","targetHints":{"allow":["GET"]}}],"collection":[{"href":"http:\/\/asfaltonaut.com\/index.php\/wp-json\/wp\/v2\/pages"}],"about":[{"href":"http:\/\/asfaltonaut.com\/index.php\/wp-json\/wp\/v2\/types\/page"}],"author":[{"embeddable":true,"href":"http:\/\/asfaltonaut.com\/index.php\/wp-json\/wp\/v2\/users\/1"}],"replies":[{"embeddable":true,"href":"http:\/\/asfaltonaut.com\/index.php\/wp-json\/wp\/v2\/comments?post=66"}],"version-history":[{"count":3,"href":"http:\/\/asfaltonaut.com\/index.php\/wp-json\/wp\/v2\/pages\/66\/revisions"}],"predecessor-version":[{"id":81,"href":"http:\/\/asfaltonaut.com\/index.php\/wp-json\/wp\/v2\/pages\/66\/revisions\/81"}],"wp:attachment":[{"href":"http:\/\/asfaltonaut.com\/index.php\/wp-json\/wp\/v2\/media?parent=66"}],"curies":[{"name":"wp","href":"https:\/\/api.w.org\/{rel}","templated":true}]}}