{"id":27,"date":"2024-08-28T15:35:20","date_gmt":"2024-08-28T15:35:20","guid":{"rendered":"http:\/\/motoquest.lumagrade.com\/?page_id=27"},"modified":"2024-08-29T00:34:17","modified_gmt":"2024-08-29T00:34:17","slug":"motoquest","status":"publish","type":"page","link":"https:\/\/asfaltonaut.com\/","title":{"rendered":"Asfaltonaut"},"content":{"rendered":"\n<p class=\"has-afacad-font-family\">\u00a1Bienvenido Asfaltonauta! Nos emociona que te unas a esta aventura sobre dos ruedas. Nuestro reto es m\u00e1s que una simple ruta en moto; es una experiencia interactiva y \u00fanica dise\u00f1ada para que descubras nuevos lugares, explores paisajes impresionantes y te sumerjas en la historia y cultura de sitios poco conocidos. A lo largo del recorrido, enfrentar\u00e1s emocionantes retos que te permitir\u00e1n disfrutar de una jornada diferente y entretenida. Prep\u00e1rate para vivir una experiencia inolvidable mientras compartes tu pasi\u00f3n por las motos con otros aventureros. \u00a1Arranquemos juntos esta gran ruta!<\/p>\n\n\n\n<p class=\"has-afacad-font-family\">Es importante recordar que, durante todo el evento, el respeto a las normas de tr\u00e1fico es obligatorio. Queremos que disfrutes de la experiencia, pero siempre con seguridad. La carretera puede ser impredecible, as\u00ed que mant\u00e9n la precauci\u00f3n en todo momento y respeta a los dem\u00e1s conductores. Adem\u00e1s, cada participante es responsable de sus propias acciones; todo lo que hagas debe estar dentro de los m\u00e1rgenes de la legalidad. Tu seguridad y la de los dem\u00e1s es nuestra prioridad, as\u00ed que vive la aventura con responsabilidad y disfruta del desaf\u00edo de manera segura.<\/p>\n\n\n<h2 class=\"has-text-align-center wp-block-post-title has-afacad-font-family\">Asfaltonaut<\/h2>\n\n\n<div class=\"wp-block-buttons is-layout-flex wp-block-buttons-is-layout-flex\">\n<div class=\"wp-block-button has-custom-width wp-block-button__width-100 has-custom-font-size is-style-fill has-afacad-font-family has-x-large-font-size\"><a class=\"wp-block-button__link wp-element-button\" href=\"http:\/\/asfaltonaut.com\/index.php\/reto-1\/\">Primera Parte<\/a><\/div>\n\n\n\n<div class=\"wp-block-button has-custom-width wp-block-button__width-100 has-custom-font-size has-x-large-font-size\"><a class=\"wp-block-button__link wp-element-button\" href=\"http:\/\/asfaltonaut.com\/index.php\/bienvenido-a-motoquest\/\" style=\"border-style:none;border-width:0px;border-radius:0px\">Segunda Parte<\/a><\/div>\n\n\n\n<div class=\"wp-block-button has-custom-width wp-block-button__width-100 has-custom-font-size has-x-large-font-size\"><a class=\"wp-block-button__link wp-element-button\" href=\"http:\/\/asfaltonaut.com\/index.php\/reto-3\/\">Tercera Parte<\/a><\/div>\n\n\n\n<div class=\"wp-block-button has-custom-width wp-block-button__width-100 has-custom-font-size has-x-large-font-size\"><a class=\"wp-block-button__link wp-element-button\" href=\"http:\/\/asfaltonaut.com\/index.php\/reto-4\/\">Cuarta Parte<\/a><\/div>\n<\/div>\n","protected":false},"excerpt":{"rendered":"<p>\u00a1Bienvenido Asfaltonauta! Nos emociona que te unas a esta aventura sobre dos ruedas. Nuestro reto es m\u00e1s que una simple ruta en moto; es una experiencia interactiva y \u00fanica dise\u00f1ada para que descubras nuevos lugares, explores paisajes impresionantes y te sumerjas en la historia y cultura de sitios poco conocidos. A lo largo del recorrido, [&hellip;]<\/p>\n","protected":false},"author":1,"featured_media":0,"parent":0,"menu_order":0,"comment_status":"closed","ping_status":"closed","template":"","meta":{"footnotes":""},"class_list":["post-27","page","type-page","status-publish","hentry"],"_links":{"self":[{"href":"https:\/\/asfaltonaut.com\/index.php\/wp-json\/wp\/v2\/pages\/27","targetHints":{"allow":["GET"]}}],"collection":[{"href":"https:\/\/asfaltonaut.com\/index.php\/wp-json\/wp\/v2\/pages"}],"about":[{"href":"https:\/\/asfaltonaut.com\/index.php\/wp-json\/wp\/v2\/types\/page"}],"author":[{"embeddable":true,"href":"https:\/\/asfaltonaut.com\/index.php\/wp-json\/wp\/v2\/users\/1"}],"replies":[{"embeddable":true,"href":"https:\/\/asfaltonaut.com\/index.php\/wp-json\/wp\/v2\/comments?post=27"}],"version-history":[{"count":10,"href":"https:\/\/asfaltonaut.com\/index.php\/wp-json\/wp\/v2\/pages\/27\/revisions"}],"predecessor-version":[{"id":88,"href":"https:\/\/asfaltonaut.com\/index.php\/wp-json\/wp\/v2\/pages\/27\/revisions\/88"}],"wp:attachment":[{"href":"https:\/\/asfaltonaut.com\/index.php\/wp-json\/wp\/v2\/media?parent=27"}],"curies":[{"name":"wp","href":"https:\/\/api.w.org\/{rel}","templated":true}]}}